{"id":12,"date":"2021-02-04T17:49:15","date_gmt":"2021-02-04T17:49:15","guid":{"rendered":"http:\/\/www.bohemiawebsite.cz\/?page_id=12"},"modified":"2025-08-11T16:02:35","modified_gmt":"2025-08-11T16:02:35","slug":"nase-cinnosti","status":"publish","type":"page","link":"https:\/\/www.bohemiawebsite.cz\/index.php\/nase-cinnosti\/","title":{"rendered":"NA\u0160E \u010cINNOSTI"},"content":{"rendered":"\n<p class=\"has-normal-font-size\">Na\u0161e spole\u010dnost se zab\u00fdv\u00e1 tvorbou web\u016f, e-shop\u016f a rezerva\u010dn\u00edch syst\u00e9m\u016f. <\/p>\n\n\n\n<p>E-shopy napojujeme na:<\/p>\n\n\n\n<div class=\"wp-block-columns is-layout-flex wp-container-core-columns-is-layout-9d6595d7 wp-block-columns-is-layout-flex\">\n<div class=\"wp-block-column is-layout-flow wp-block-column-is-layout-flow\" style=\"flex-basis:30%\">\n<p>\u00da\u010detn\u00ed syst\u00e9my Pohoda a  Fakturoid.<\/p>\n<\/div>\n\n\n\n<div class=\"wp-block-column is-vertically-aligned-center is-layout-flow wp-block-column-is-layout-flow\" style=\"flex-basis:15%\">\n<figure class=\"wp-block-image size-full is-resized\"><img decoding=\"async\" src=\"http:\/\/www.bohemiawebsite.cz\/wp-content\/uploads\/2025\/08\/pohoda-1.png\" alt=\"\" class=\"wp-image-1093\" width=\"117\" height=\"27\" srcset=\"https:\/\/www.bohemiawebsite.cz\/wp-content\/uploads\/2025\/08\/pohoda-1.png 427w, https:\/\/www.bohemiawebsite.cz\/wp-content\/uploads\/2025\/08\/pohoda-1-300x70.png 300w\" sizes=\"(max-width: 117px) 100vw, 117px\" \/><\/figure>\n<\/div>\n\n\n\n<div class=\"wp-block-column is-vertically-aligned-center is-layout-flow wp-block-column-is-layout-flow\" style=\"flex-basis:15%\">\n<figure class=\"wp-block-image size-full is-resized\"><img decoding=\"async\" src=\"http:\/\/www.bohemiawebsite.cz\/wp-content\/uploads\/2025\/08\/fakturoid.png\" alt=\"\" class=\"wp-image-1094\" width=\"134\" height=\"39\"\/><\/figure>\n<\/div>\n\n\n\n<div class=\"wp-block-column is-vertically-aligned-center is-layout-flow wp-block-column-is-layout-flow\" style=\"flex-basis:15%\">\n<figure class=\"wp-block-image size-full is-resized\"><img decoding=\"async\" src=\"https:\/\/www.bohemiawebsite.cz\/wp-content\/uploads\/2025\/08\/vyfakturuj.png\" alt=\"\" class=\"wp-image-1145\" width=\"126\" height=\"35\"\/><\/figure>\n<\/div>\n\n\n\n<div class=\"wp-block-column is-vertically-aligned-center is-layout-flow wp-block-column-is-layout-flow\" style=\"flex-basis:15%\">\n<figure class=\"wp-block-image size-full is-resized\"><img decoding=\"async\" src=\"https:\/\/www.bohemiawebsite.cz\/wp-content\/uploads\/2025\/08\/idoklad.png\" alt=\"\" class=\"wp-image-1146\" width=\"99\" height=\"26\"\/><\/figure>\n<\/div>\n\n\n\n<div class=\"wp-block-column is-layout-flow wp-block-column-is-layout-flow\" style=\"flex-basis:10%\"><\/div>\n<\/div>\n\n\n\n<div class=\"wp-block-columns is-layout-flex wp-container-core-columns-is-layout-9d6595d7 wp-block-columns-is-layout-flex\">\n<div class=\"wp-block-column is-layout-flow wp-block-column-is-layout-flow\" style=\"flex-basis:30%\">\n<p>Skladov\u00fd a pokladn\u00ed syst\u00e9m Byznys:<\/p>\n<\/div>\n\n\n\n<div class=\"wp-block-column is-vertically-aligned-center is-layout-flow wp-block-column-is-layout-flow\" style=\"flex-basis:15%\">\n<figure class=\"wp-block-image size-large is-resized\"><img decoding=\"async\" src=\"https:\/\/www.bohemiawebsite.cz\/wp-content\/uploads\/2025\/08\/byznys-1024x290.png\" alt=\"\" class=\"wp-image-1101\" width=\"101\" height=\"28\" srcset=\"https:\/\/www.bohemiawebsite.cz\/wp-content\/uploads\/2025\/08\/byznys-1024x290.png 1024w, https:\/\/www.bohemiawebsite.cz\/wp-content\/uploads\/2025\/08\/byznys-300x85.png 300w, https:\/\/www.bohemiawebsite.cz\/wp-content\/uploads\/2025\/08\/byznys-768x218.png 768w, https:\/\/www.bohemiawebsite.cz\/wp-content\/uploads\/2025\/08\/byznys-1536x435.png 1536w, https:\/\/www.bohemiawebsite.cz\/wp-content\/uploads\/2025\/08\/byznys-616x175.png 616w, https:\/\/www.bohemiawebsite.cz\/wp-content\/uploads\/2025\/08\/byznys-600x170.png 600w, https:\/\/www.bohemiawebsite.cz\/wp-content\/uploads\/2025\/08\/byznys.png 2000w\" sizes=\"(max-width: 101px) 100vw, 101px\" \/><\/figure>\n<\/div>\n\n\n\n<div class=\"wp-block-column is-layout-flow wp-block-column-is-layout-flow\" style=\"flex-basis:15%\"><\/div>\n\n\n\n<div class=\"wp-block-column is-layout-flow wp-block-column-is-layout-flow\" style=\"flex-basis:15%\"><\/div>\n\n\n\n<div class=\"wp-block-column is-layout-flow wp-block-column-is-layout-flow\" style=\"flex-basis:15%\"><\/div>\n\n\n\n<div class=\"wp-block-column is-layout-flow wp-block-column-is-layout-flow\" style=\"flex-basis:10%\"><\/div>\n<\/div>\n\n\n\n<div class=\"wp-block-columns is-layout-flex wp-container-core-columns-is-layout-9d6595d7 wp-block-columns-is-layout-flex\">\n<div class=\"wp-block-column is-layout-flow wp-block-column-is-layout-flow\" style=\"flex-basis:30%\">\n<p>Platebn\u00ed br\u00e1ny a platby:<\/p>\n<\/div>\n\n\n\n<div class=\"wp-block-column is-layout-flow wp-block-column-is-layout-flow\" style=\"flex-basis:15%\">\n<figure class=\"wp-block-image size-full is-resized\"><img decoding=\"async\" src=\"https:\/\/www.bohemiawebsite.cz\/wp-content\/uploads\/2025\/08\/comgate.png\" alt=\"\" class=\"wp-image-1102\" width=\"155\" height=\"46\"\/><\/figure>\n<\/div>\n\n\n\n<div class=\"wp-block-column is-layout-flow wp-block-column-is-layout-flow\" style=\"flex-basis:15%\">\n<figure class=\"wp-block-image size-full is-resized\"><img decoding=\"async\" src=\"https:\/\/www.bohemiawebsite.cz\/wp-content\/uploads\/2025\/08\/gopay.png\" alt=\"\" class=\"wp-image-1103\" width=\"136\" height=\"42\"\/><\/figure>\n<\/div>\n\n\n\n<div class=\"wp-block-column is-layout-flow wp-block-column-is-layout-flow\" style=\"flex-basis:15%\">\n<figure class=\"wp-block-image size-full is-resized\"><img decoding=\"async\" src=\"https:\/\/www.bohemiawebsite.cz\/wp-content\/uploads\/2025\/08\/fiobanka.png\" alt=\"\" class=\"wp-image-1105\" width=\"181\" height=\"45\"\/><\/figure>\n<\/div>\n\n\n\n<div class=\"wp-block-column is-layout-flow wp-block-column-is-layout-flow\" style=\"flex-basis:10%\">\n<figure class=\"wp-block-image size-full is-resized\"><img decoding=\"async\" src=\"https:\/\/www.bohemiawebsite.cz\/wp-content\/uploads\/2025\/08\/csob.png\" alt=\"\" class=\"wp-image-1106\" width=\"91\" height=\"52\"\/><\/figure>\n<\/div>\n\n\n\n<div class=\"wp-block-column is-layout-flow wp-block-column-is-layout-flow\" style=\"flex-basis:15%\">\n<figure class=\"wp-block-image size-full is-resized\"><img decoding=\"async\" src=\"http:\/\/www.bohemiawebsite.cz\/wp-content\/uploads\/2025\/08\/qrplatby.png\" alt=\"\" class=\"wp-image-1104\" width=\"153\" height=\"42\"\/><\/figure>\n<\/div>\n<\/div>\n\n\n\n<div class=\"wp-block-columns is-layout-flex wp-container-core-columns-is-layout-9d6595d7 wp-block-columns-is-layout-flex\">\n<div class=\"wp-block-column is-layout-flow wp-block-column-is-layout-flow\" style=\"flex-basis:30%\">\n<p>P\u0159epravn\u00ed spole\u010dnosti:<\/p>\n<\/div>\n\n\n\n<div class=\"wp-block-column is-vertically-aligned-top is-layout-flow wp-block-column-is-layout-flow\" style=\"flex-basis:10%\">\n<figure class=\"wp-block-image size-full is-resized\"><img decoding=\"async\" src=\"https:\/\/www.bohemiawebsite.cz\/wp-content\/uploads\/2025\/08\/dpd_2.png\" alt=\"\" class=\"wp-image-1107\" width=\"105\" height=\"47\"\/><\/figure>\n\n\n\n<figure class=\"wp-block-image size-full is-resized\"><img decoding=\"async\" src=\"http:\/\/www.bohemiawebsite.cz\/wp-content\/uploads\/2025\/08\/fofr.png\" alt=\"\" class=\"wp-image-1109\" width=\"91\" height=\"45\"\/><\/figure>\n<\/div>\n\n\n\n<div class=\"wp-block-column is-vertically-aligned-top is-layout-flow wp-block-column-is-layout-flow\" style=\"flex-basis:20%\">\n<figure class=\"wp-block-image size-full is-resized\"><img decoding=\"async\" src=\"https:\/\/www.bohemiawebsite.cz\/wp-content\/uploads\/2025\/08\/ppldhl.png\" alt=\"\" class=\"wp-image-1108\" width=\"202\" height=\"50\"\/><\/figure>\n\n\n\n<figure class=\"wp-block-image size-full\"><img decoding=\"async\" width=\"274\" height=\"75\" src=\"http:\/\/www.bohemiawebsite.cz\/wp-content\/uploads\/2025\/08\/balikobot.png\" alt=\"\" class=\"wp-image-1126\"\/><\/figure>\n<\/div>\n\n\n\n<div class=\"wp-block-column is-vertically-aligned-top is-layout-flow wp-block-column-is-layout-flow\" style=\"flex-basis:15%\">\n<figure class=\"wp-block-image size-full is-resized\"><img decoding=\"async\" src=\"https:\/\/www.bohemiawebsite.cz\/wp-content\/uploads\/2025\/08\/zasilkovna.png\" alt=\"\" class=\"wp-image-1112\" width=\"154\" height=\"42\"\/><\/figure>\n\n\n\n<figure class=\"wp-block-image size-full is-resized\"><img decoding=\"async\" src=\"https:\/\/www.bohemiawebsite.cz\/wp-content\/uploads\/2025\/08\/toptrans_3.png\" alt=\"\" class=\"wp-image-1167\" width=\"125\" height=\"43\"\/><\/figure>\n<\/div>\n\n\n\n<div class=\"wp-block-column is-layout-flow wp-block-column-is-layout-flow\" style=\"flex-basis:15%\">\n<figure class=\"wp-block-image size-full is-resized\"><img decoding=\"async\" src=\"https:\/\/www.bohemiawebsite.cz\/wp-content\/uploads\/2025\/08\/cpbalikovna.png\" alt=\"\" class=\"wp-image-1110\" width=\"139\" height=\"47\"\/><\/figure>\n<\/div>\n\n\n\n<div class=\"wp-block-column is-layout-flow wp-block-column-is-layout-flow\" style=\"flex-basis:10%\">\n<figure class=\"wp-block-image size-full is-resized\"><img decoding=\"async\" src=\"http:\/\/www.bohemiawebsite.cz\/wp-content\/uploads\/2025\/08\/one.png\" alt=\"\" class=\"wp-image-1125\" width=\"131\" height=\"55\"\/><\/figure>\n<\/div>\n<\/div>\n\n\n\n<div class=\"wp-block-columns is-layout-flex wp-container-core-columns-is-layout-9d6595d7 wp-block-columns-is-layout-flex\">\n<div class=\"wp-block-column is-layout-flow wp-block-column-is-layout-flow\" style=\"flex-basis:27.78%\">\n<p>Marketingov\u00e9 n\u00e1stroje:<\/p>\n<\/div>\n\n\n\n<div class=\"wp-block-column is-layout-flow wp-block-column-is-layout-flow\" style=\"flex-basis:15%\">\n<figure class=\"wp-block-image size-full is-resized\"><img decoding=\"async\" src=\"https:\/\/www.bohemiawebsite.cz\/wp-content\/uploads\/2025\/08\/zbozi-logo-2.png\" alt=\"\" class=\"wp-image-1120\" width=\"133\" height=\"37\" srcset=\"https:\/\/www.bohemiawebsite.cz\/wp-content\/uploads\/2025\/08\/zbozi-logo-2.png 587w, https:\/\/www.bohemiawebsite.cz\/wp-content\/uploads\/2025\/08\/zbozi-logo-2-300x85.png 300w\" sizes=\"(max-width: 133px) 100vw, 133px\" \/><\/figure>\n<\/div>\n\n\n\n<div class=\"wp-block-column is-layout-flow wp-block-column-is-layout-flow\" style=\"flex-basis:15%\">\n<figure class=\"wp-block-image size-full is-resized\"><img decoding=\"async\" src=\"https:\/\/www.bohemiawebsite.cz\/wp-content\/uploads\/2025\/08\/Heureka.cz_logo.png\" alt=\"\" class=\"wp-image-1119\" width=\"133\" height=\"26\" srcset=\"https:\/\/www.bohemiawebsite.cz\/wp-content\/uploads\/2025\/08\/Heureka.cz_logo.png 506w, https:\/\/www.bohemiawebsite.cz\/wp-content\/uploads\/2025\/08\/Heureka.cz_logo-300x59.png 300w, https:\/\/www.bohemiawebsite.cz\/wp-content\/uploads\/2025\/08\/Heureka.cz_logo-480x99.png 480w\" sizes=\"(max-width: 133px) 100vw, 133px\" \/><\/figure>\n<\/div>\n\n\n\n<div class=\"wp-block-column is-layout-flow wp-block-column-is-layout-flow\" style=\"flex-basis:15%\">\n<figure class=\"wp-block-image size-full is-resized\"><img decoding=\"async\" src=\"https:\/\/www.bohemiawebsite.cz\/wp-content\/uploads\/2025\/08\/google.png\" alt=\"\" class=\"wp-image-1121\" width=\"118\" height=\"34\" srcset=\"https:\/\/www.bohemiawebsite.cz\/wp-content\/uploads\/2025\/08\/google.png 587w, https:\/\/www.bohemiawebsite.cz\/wp-content\/uploads\/2025\/08\/google-300x85.png 300w\" sizes=\"(max-width: 118px) 100vw, 118px\" \/><\/figure>\n<\/div>\n\n\n\n<div class=\"wp-block-column is-layout-flow wp-block-column-is-layout-flow\" style=\"flex-basis:15%\">\n<figure class=\"wp-block-image size-full is-resized\"><img decoding=\"async\" src=\"https:\/\/www.bohemiawebsite.cz\/wp-content\/uploads\/2025\/08\/glami.png\" alt=\"\" class=\"wp-image-1122\" width=\"115\" height=\"26\" srcset=\"https:\/\/www.bohemiawebsite.cz\/wp-content\/uploads\/2025\/08\/glami.png 470w, https:\/\/www.bohemiawebsite.cz\/wp-content\/uploads\/2025\/08\/glami-300x66.png 300w\" sizes=\"(max-width: 115px) 100vw, 115px\" \/><\/figure>\n<\/div>\n\n\n\n<div class=\"wp-block-column is-layout-flow wp-block-column-is-layout-flow\" style=\"flex-basis:10%\"><\/div>\n<\/div>\n\n\n\n<p><\/p>\n\n\n\n<p>Takt\u00e9\u017e napojujeme feedy s produkty od dodavatel\u016f \u010di syst\u00e9my B2B. <\/p>\n\n\n\n<p>P\u0159id\u00e1n\u00ed funkc\u00ed pro Velkoobchodn\u00ed prodej do e-shopu. <\/p>\n\n\n\n<div style=\"height:25px\" aria-hidden=\"true\" class=\"wp-block-spacer\"><\/div>\n\n\n\n<p>Pro na\u0161e z\u00e1kazn\u00edky zaji\u0161\u0165ujeme dle p\u0159\u00e1n\u00ed komplexn\u00ed slu\u017eby, a to od grafick\u00e9ho n\u00e1vrhu loga a v\u00fdroby webu nebo e-shopu, a\u017e po v\u00fdrobu ve\u0161ker\u00fdch tiskov\u00fdch materi\u00e1l\u016f (vizitek, propaga\u010dn\u00edch let\u00e1k\u016f, plak\u00e1t\u016f, RollUp\u016f, reklamn\u00edch tabul\u00ed nebo polep\u016f na vozidla). V\u017edy db\u00e1me na spokojenost na\u0161ich z\u00e1kazn\u00edk\u016f a respektujeme jeho p\u0159edstavy p\u0159i tvorb\u011b dan\u00e9ho vizu\u00e1lu loga, webu nebo e-shopu. <\/p>\n\n\n\n<p>Na\u0161im z\u00e1kazn\u00edk\u016fm zaji\u0161\u0165ujeme dlouhodob\u011b komplexn\u00ed servis v t\u00e9to oblasti, o \u010dem sv\u011bd\u010d\u00ed i to, \u017ee o n\u011bkter\u00e9 z\u00e1kazn\u00edky se star\u00e1me ji\u017e v\u00edce jak 25let.<\/p>\n\n\n\n<p>V p\u0159\u00edpad\u011b z\u00e1jmu n\u00e1s nev\u00e1hejte kontaktovat.<\/p>\n","protected":false},"excerpt":{"rendered":"<p>Na\u0161e spole\u010dnost se zab\u00fdv\u00e1 tvorbou web\u016f, e-shop\u016f a rezerva\u010dn\u00edch syst\u00e9m\u016f. E-shopy napojujeme na: \u00da\u010detn\u00ed syst\u00e9my Pohoda a Fakturoid. Skladov\u00fd a pokladn\u00ed syst\u00e9m Byznys: Platebn\u00ed br\u00e1ny a platby: P\u0159epravn\u00ed spole\u010dnosti: Marketingov\u00e9 n\u00e1stroje: Takt\u00e9\u017e napojujeme feedy s &hellip;<\/p>\n","protected":false},"author":1,"featured_media":0,"parent":0,"menu_order":0,"comment_status":"closed","ping_status":"closed","template":"","meta":{"footnotes":""},"class_list":["post-12","page","type-page","status-publish","hentry"],"_links":{"self":[{"href":"https:\/\/www.bohemiawebsite.cz\/index.php\/wp-json\/wp\/v2\/pages\/12","targetHints":{"allow":["GET"]}}],"collection":[{"href":"https:\/\/www.bohemiawebsite.cz\/index.php\/wp-json\/wp\/v2\/pages"}],"about":[{"href":"https:\/\/www.bohemiawebsite.cz\/index.php\/wp-json\/wp\/v2\/types\/page"}],"author":[{"embeddable":true,"href":"https:\/\/www.bohemiawebsite.cz\/index.php\/wp-json\/wp\/v2\/users\/1"}],"replies":[{"embeddable":true,"href":"https:\/\/www.bohemiawebsite.cz\/index.php\/wp-json\/wp\/v2\/comments?post=12"}],"version-history":[{"count":63,"href":"https:\/\/www.bohemiawebsite.cz\/index.php\/wp-json\/wp\/v2\/pages\/12\/revisions"}],"predecessor-version":[{"id":1170,"href":"https:\/\/www.bohemiawebsite.cz\/index.php\/wp-json\/wp\/v2\/pages\/12\/revisions\/1170"}],"wp:attachment":[{"href":"https:\/\/www.bohemiawebsite.cz\/index.php\/wp-json\/wp\/v2\/media?parent=12"}],"curies":[{"name":"wp","href":"https:\/\/api.w.org\/{rel}","templated":true}]}}